{"id":743,"date":"2019-05-16T10:48:58","date_gmt":"2019-05-16T10:48:58","guid":{"rendered":"http:\/\/www2019.bsbff.de\/?page_id=743"},"modified":"2023-12-04T14:45:28","modified_gmt":"2023-12-04T14:45:28","slug":"ueber-uns","status":"publish","type":"page","link":"https:\/\/www.bsbff.de\/index.php\/ueber-uns\/","title":{"rendered":"\u00dcber uns"},"content":{"rendered":"<div class=\"wpb-content-wrapper\"><p>[vc_row][vc_column][vc_column_text]<\/p>\n<h2><span style=\"color: #f29400;\">Zielsetzung des Braunschweiger B\u00fcndnisses f\u00fcr Familie<\/span><\/h2>\n<p>Der im September 2007 gegr\u00fcndete Verein &#8222;Lokales B\u00fcndnis f\u00fcr Familie Braunschweig e. V.&#8220; hat sich zum Ziel gesetzt, durch konkrete Projekte das Lebensumfeld f\u00fcr Familien in Braunschweig positiv zu f\u00f6rdern.\u00a0Dieses soll u. a. durch Arbeit in folgenden Themenfeldern erreicht werden:<\/p>\n<ul>\n<li>Vereinbarkeit von Familie und Beruf<\/li>\n<li>Flexible Betreuung von Familienmitgliedern<\/li>\n<li>Erziehungskompetenz<\/li>\n<li>Pr\u00e4vention<\/li>\n<\/ul>\n<p>Den derzeitigen Schwerpunkt bilden Angebote zur Entlastung bei der au\u00dferplanm\u00e4\u00dfigen Kinderbetreuung.\u00a0An der Entwicklung weiterer Themenfelder und der Umsetzung neuer Projektideen sind wir sehr interessiert. Wenn Sie als Unternehmer oder Privatperson Braunschweig auch familienfreundlicher gestalten wollen und\/oder Projektvorschl\u00e4ge f\u00fcr das Lokale B\u00fcndnis f\u00fcr Familie Braunschweig e.V. haben, melden Sie sich bitte bei uns, wir freuen uns auf <a href=\"http:\/\/www.bsbff.de\/index.php\/unterstuetzen\/\">Ihre Mitarbeit!<\/a><\/p>\n<p>Infomationen zu unseren Angeboten finden Sie auf einen Blick in unserem <a href=\"http:\/\/www.bsbff.de\/wp-content\/uploads\/faltblatt-knutpaulahanna-2019.pdf\">Faltblatt<\/a>.[\/vc_column_text][\/vc_column][\/vc_row][vc_row][vc_column][vc_separator][vc_column_text]<\/p>\n<h2><span style=\"color: #f29400;\">Initiatoren<\/span><\/h2>\n<p>Im Juni 2006 wurde das Lokale B\u00fcndnis f\u00fcr Familie Braunschweig unter\u00a0der Schirmherrschaft des Oberb\u00fcrgermeisters der Stadt Braunschweig\u00a0gegr\u00fcndet. In unserem B\u00fcndnis engagieren sich Vertreter aus\u00a0Wirtschaft, Institutionen und Verb\u00e4nden. Gemeinsam wollen wir die\u00a0Situation der in Braunschweig lebenden Familien verst\u00e4rkt in den\u00a0politischen und gesellschaftlichen Blickpunkt r\u00fccken.<\/p>\n<p>Der Initiativkreis des Braunschweiger B\u00fcndnisses f\u00fcr Familie ist ein\u00a0Netzwerk verschiedenster Institutionen, um familienfreundliche\u00a0Projekte in Braunschweig zu initiieren.[\/vc_column_text][vc_single_image image=&#8220;961&#8243; img_size=&#8220;full&#8220;][\/vc_column][\/vc_row][vc_row][vc_column][vc_separator][vc_column_text]Eine Wirtschaftsregion im Wettbewerb um qualifizierte Fachkr\u00e4fte ist\u00a0dann im Vorteil, wenn diese attraktive Angebote vor Ort vorfinden.\u00a0Eine familienorienorientierte Unternehmenskultur ist ein zentraler\u00a0Standortfaktor. \u00a0K.N.U.T. und Pa.U.L.A. sind hierbei ein wichtiger\u00a0Baustein.<\/p>\n<h2><span style=\"color: #f29400;\">Zu unseren Sponsoren geh\u00f6ren<\/span><\/h2>\n<p>[\/vc_column_text][vc_single_image image=&#8220;774&#8243; img_size=&#8220;full&#8220;][\/vc_column][\/vc_row]<\/p>\n<\/div>","protected":false},"excerpt":{"rendered":"<p>[vc_row][vc_column][vc_column_text] Zielsetzung des Braunschweiger B\u00fcndnisses f\u00fcr Familie Der im September 2007 gegr\u00fcndete Verein &#8222;Lokales B\u00fcndnis f\u00fcr Familie Braunschweig e. V.&#8220; hat sich zum Ziel gesetzt, durch konkrete Projekte das Lebensumfeld f\u00fcr Familien in Braunschweig positiv zu f\u00f6rdern.\u00a0Dieses soll u. a. durch Arbeit in folgenden Themenfeldern erreicht werden: Vereinbarkeit von Familie und Beruf Flexible Betreuung von&hellip;<\/p>\n","protected":false},"author":3,"featured_media":0,"parent":0,"menu_order":0,"comment_status":"closed","ping_status":"closed","template":"","meta":{"footnotes":""},"class_list":["post-743","page","type-page","status-publish","hentry","description-off"],"jetpack_shortlink":"https:\/\/wp.me\/PaLjmo-bZ","jetpack_sharing_enabled":true,"_links":{"self":[{"href":"https:\/\/www.bsbff.de\/index.php\/wp-json\/wp\/v2\/pages\/743","targetHints":{"allow":["GET"]}}],"collection":[{"href":"https:\/\/www.bsbff.de\/index.php\/wp-json\/wp\/v2\/pages"}],"about":[{"href":"https:\/\/www.bsbff.de\/index.php\/wp-json\/wp\/v2\/types\/page"}],"author":[{"embeddable":true,"href":"https:\/\/www.bsbff.de\/index.php\/wp-json\/wp\/v2\/users\/3"}],"replies":[{"embeddable":true,"href":"https:\/\/www.bsbff.de\/index.php\/wp-json\/wp\/v2\/comments?post=743"}],"version-history":[{"count":11,"href":"https:\/\/www.bsbff.de\/index.php\/wp-json\/wp\/v2\/pages\/743\/revisions"}],"predecessor-version":[{"id":1062,"href":"https:\/\/www.bsbff.de\/index.php\/wp-json\/wp\/v2\/pages\/743\/revisions\/1062"}],"wp:attachment":[{"href":"https:\/\/www.bsbff.de\/index.php\/wp-json\/wp\/v2\/media?parent=743"}],"curies":[{"name":"wp","href":"https:\/\/api.w.org\/{rel}","templated":true}]}}