{"id":695,"date":"2019-03-24T17:39:31","date_gmt":"2019-03-24T17:39:31","guid":{"rendered":"http:\/\/www2019.bsbff.de\/?page_id=695"},"modified":"2025-01-07T13:16:09","modified_gmt":"2025-01-07T13:16:09","slug":"unterstuetzen","status":"publish","type":"page","link":"https:\/\/www.bsbff.de\/index.php\/unterstuetzen\/","title":{"rendered":"Unterst\u00fctzen"},"content":{"rendered":"<div class=\"wpb-content-wrapper\"><p>[vc_row][vc_column][vc_separator][vc_column_text]<\/p>\n<h2><span style=\"color: #f29400;\">Lust mitzumachen? Wir suchen Verst\u00e4rkung!<\/span><\/h2>\n<p>Sie haben Spa\u00df im Umgang mit Kindern? Sie haben Zeit?<\/p>\n<p>Dann w\u00fcrden wir Sie gerne kennenlernen! Wir bieten Ihnen eine Verg\u00fctung auf Basis der \u00dcbungsleiterpauschale f\u00fcr ehrenamtlich T\u00e4tige und kostenlose Fortbildungen. Oder haben Sie Spa\u00df am Organisieren? Unser Verein freut sich \u00fcber Verst\u00e4rkung! B\u00fcrot\u00e4tigkeiten, Organisation, unsere Angebote bekannt machen, Kontakte pflegen &amp; Netzwerkarbeiten&#8230; Bei uns gibt es vielf\u00e4ltige M\u00f6glichkeiten!<\/p>\n<p>Bitte schicken Sie Ihre Kurzbewerbung an info (at) bsbff.de oder rufen an (Anrufbeantworter einschalten). Wir freuen uns auf Sie![\/vc_column_text][vc_single_image image=&#8220;1145&#8243; img_size=&#8220;583&#215;413&#8243; alignment=&#8220;center&#8220; css=&#8220;&#8220;][vc_single_image image=&#8220;1146&#8243; img_size=&#8220;583&#215;413&#8243; alignment=&#8220;center&#8220; css=&#8220;&#8220;][\/vc_column][\/vc_row][vc_row][vc_column][vc_column_text]<\/p>\n<h2><span style=\"color: #f29400;\">Mitglied werden<\/span><\/h2>\n<p>Mit Ihrer Mitgliedschaft leisten Sie einen wichtigen Beitrag dazu, dass der Verein weiterhin t\u00e4tig sein kann.\u00a0Der Verein ist als gemeinn\u00fctzig anerkannt, d.h. wir sind berechtigt, Ihnen eine Zuwendungsbescheinigung f\u00fcr Ihren Mitgliedsbeitrag oder Ihre Spende auszustellen.<\/p>\n<p><strong>Mitgliedsbeitrag<\/strong><\/p>\n<ul>\n<li>Privatpersonen: 48 EUR \/ Jahr<\/li>\n<li>Firmen\/Institutionen: 120 EUR \/ Jahr<\/li>\n<\/ul>\n<p><a href=\"http:\/\/www.bsbff.de\/wp-content\/uploads\/Mitgliedsantrag.pdf\" target=\"_blank\" rel=\"noopener noreferrer\"><em>Download Mitgliedsantrag PDF<\/em><\/a>[\/vc_column_text][\/vc_column][\/vc_row][vc_row][vc_column][vc_separator][vc_column_text]<\/p>\n<h2><span style=\"color: #f29400;\">Projekt\u00a038 x 1.000,- Euro<\/span><\/h2>\n<p>In der Region 38 suchen wir Unternehmen, die als Kooperationspartner j\u00e4hrlich 1.000,\u2013 Euro f\u00fcr die ehrenamtliche Arbeit unseres Vereins bereitstellen.<\/p>\n<p><strong>Als Anerkennung<\/strong><\/p>\n<ul>\n<li>erhalten Sie Gutscheine f\u00fcr 20 Betreuungseinheiten<\/li>\n<li>k\u00f6nnen Sie mit unserem Banner Familienfreundlichkeit zeigen<\/li>\n<li>Auf Wunsch setzen wir Ihr Unternehmenslogo auf unsere Webseite<\/li>\n<\/ul>\n<p><strong>Unsere Leistung<\/strong><\/p>\n<ul>\n<li>In Notsituationen kurzfristige Vermittlung von Betreuungskr\u00e4ften direkt in den Familien<\/li>\n<li>Bei ungeplanter Mehrarbeit, Abholung der Kinder aus der Tagesst\u00e4tte und anschlie\u00dfende Betreuung zu Hause<\/li>\n<li>Kinderbetreuung bei betrieblichen Veranstaltungen<\/li>\n<li>Fortbildung und Supervision der Betreuungskr\u00e4fte<\/li>\n<li>Verwaltungsarbeiten durch unsere B\u00fcrokr\u00e4fte<\/li>\n<li>Mitarbeit in Gremien zur F\u00f6rderung der Region<\/li>\n<\/ul>\n<p>Machen Sie mit bei 38 x 1.000![\/vc_column_text][\/vc_column][\/vc_row][vc_row][vc_column][vc_separator][vc_column_text]<\/p>\n<h2><span style=\"color: #f29400;\">Spenden<\/span><\/h2>\n<p>helfen Sie mit einer Spende auf unser Vereinskonto:<\/p>\n<p>IBAN DE72 2505 0000 0199 8875 71<br \/>\nBIC NOLADE2HXXX<br \/>\nBraunschweigische Landessparkasse<\/p>\n<p>D\u00fcrfen wir Ihnen Dank und eine Spendenbescheinigung senden? Dann teilen Sie uns bitte Ihre Adresse bei der \u00dcberweisung mit.[\/vc_column_text][\/vc_column][\/vc_row]<\/p>\n<\/div>","protected":false},"excerpt":{"rendered":"<p>[vc_row][vc_column][vc_separator][vc_column_text] Lust mitzumachen? Wir suchen Verst\u00e4rkung! Sie haben Spa\u00df im Umgang mit Kindern? Sie haben Zeit? Dann w\u00fcrden wir Sie gerne kennenlernen! Wir bieten Ihnen eine Verg\u00fctung auf Basis der \u00dcbungsleiterpauschale f\u00fcr ehrenamtlich T\u00e4tige und kostenlose Fortbildungen. Oder haben Sie Spa\u00df am Organisieren? Unser Verein freut sich \u00fcber Verst\u00e4rkung! B\u00fcrot\u00e4tigkeiten, Organisation, unsere Angebote bekannt machen,&hellip;<\/p>\n","protected":false},"author":3,"featured_media":0,"parent":0,"menu_order":0,"comment_status":"closed","ping_status":"closed","template":"","meta":{"footnotes":""},"class_list":["post-695","page","type-page","status-publish","hentry","description-off"],"jetpack_shortlink":"https:\/\/wp.me\/PaLjmo-bd","jetpack_sharing_enabled":true,"_links":{"self":[{"href":"https:\/\/www.bsbff.de\/index.php\/wp-json\/wp\/v2\/pages\/695","targetHints":{"allow":["GET"]}}],"collection":[{"href":"https:\/\/www.bsbff.de\/index.php\/wp-json\/wp\/v2\/pages"}],"about":[{"href":"https:\/\/www.bsbff.de\/index.php\/wp-json\/wp\/v2\/types\/page"}],"author":[{"embeddable":true,"href":"https:\/\/www.bsbff.de\/index.php\/wp-json\/wp\/v2\/users\/3"}],"replies":[{"embeddable":true,"href":"https:\/\/www.bsbff.de\/index.php\/wp-json\/wp\/v2\/comments?post=695"}],"version-history":[{"count":17,"href":"https:\/\/www.bsbff.de\/index.php\/wp-json\/wp\/v2\/pages\/695\/revisions"}],"predecessor-version":[{"id":1050,"href":"https:\/\/www.bsbff.de\/index.php\/wp-json\/wp\/v2\/pages\/695\/revisions\/1050"}],"wp:attachment":[{"href":"https:\/\/www.bsbff.de\/index.php\/wp-json\/wp\/v2\/media?parent=695"}],"curies":[{"name":"wp","href":"https:\/\/api.w.org\/{rel}","templated":true}]}}