{"id":682,"date":"2019-03-24T15:48:36","date_gmt":"2019-03-24T15:48:36","guid":{"rendered":"http:\/\/www2019.bsbff.de\/?page_id=682"},"modified":"2025-07-01T14:57:49","modified_gmt":"2025-07-01T14:57:49","slug":"hanna-2","status":"publish","type":"page","link":"https:\/\/www.bsbff.de\/index.php\/hanna-2\/","title":{"rendered":"Ha\u00b7n\u00b7n\u00b7A\u00b7"},"content":{"rendered":"<div class=\"wpb-content-wrapper\"><p>[vc_row][vc_column width=&#8220;1\/3&#8243;][vc_single_image image=&#8220;1168&#8243; img_size=&#8220;full&#8220; css=&#8220;&#8220;][\/vc_column][vc_column width=&#8220;2\/3&#8243;][vc_column_text]<\/p>\n<h3>Unterst\u00fctzung bei der Kinderbetreuung und Hilfe im Haushalt, weil Sie<\/h3>\n<ul>\n<li>ins Krankenhaus m\u00fcssen.<\/li>\n<li>l\u00e4ngerfristig erkrankt sind.<\/li>\n<\/ul>\n<p>In diesen und \u00e4hnlichen Situationen kann Ihre \u00c4rztin oder Ihr Arzt eine Haushaltshilfe verordnen. Ihre Krankenkasse kann auf Antrag die Kosten \u00fcbernehmen.<\/p>\n<p>Dies ist m\u00f6glich, wenn die Haushaltsf\u00fchrung in Ihrer Familie in Ihren H\u00e4nden liegt und Sie mindestens ein Kind betreuen, das sein 12. Lebensjahr noch nicht vollendet hat oder durch eine Behinderung auf Hilfe angewiesen ist.<\/p>\n<p>\u00dcber HannA stellen wir Ihnen eine zuverl\u00e4ssige Person f\u00fcr die Kinderbetreuung und die Hilfe im Haushalt zur Verf\u00fcgung.[\/vc_column_text][\/vc_column][\/vc_row][vc_row][vc_column][vc_column_text css=&#8220;&#8220;]<\/p>\n<h3>Wie funktioniert Ha\u00b7n\u00b7n\u00b7A\u00b7?<\/h3>\n<p>Setzen Sie sich bitte mit uns in Verbindung, bevor Sie den Antrag bei der Krankenkasse einreichen, und wir kl\u00e4ren mit Ihnen die Details.<\/p>\n<p>Betreuungszeiten: 07.00 Uhr &#8211; 19.00 Uhr<\/p>\n<p>Unsere Betreuerinnen sind Frauen mit Erfahrung in der Haushaltsf\u00fchrung und Freude am Umgang mit Kindern \u2013 hier geht es <a href=\"http:\/\/www.bsbff.de\/index.php\/team\/\">zum Team<\/a>.<\/p>\n<p>Qualifizierungsma\u00dfnahmen erfolgen \u00fcber das B\u00fcndnis f\u00fcr Familie und dessen Partner.<\/p>\n<p>&nbsp;<\/p>\n<hr \/>\n<p>&nbsp;<\/p>\n<p><a href=\"http:\/\/www.bsbff.de\/wp-content\/uploads\/Nutzungsbedingungen-HannA-2025-08-01.pdf\" target=\"_blank\" rel=\"noopener noreferrer\"><em>Download PDF Nutzungbedingungen<\/em><\/a><\/p>\n<p><a href=\"http:\/\/www.bsbff.de\/wp-content\/uploads\/Vertrag_Hanna_20250801.pdf\" target=\"_blank\" rel=\"noopener noreferrer\"><i>Download PDF Kinderbetreuung\u00a0Ha\u00b7n\u00b7n\u00b7A<\/i><\/a><\/p>\n<p>&nbsp;<\/p>\n<p>Weitere Information und Formulare finden Sie auf der <a href=\"http:\/\/www.bsbff.de\/index.php\/downloads\/\">Download-Seite<\/a>[\/vc_column_text][\/vc_column][\/vc_row]<\/p>\n<\/div>","protected":false},"excerpt":{"rendered":"<p>[vc_row][vc_column width=&#8220;1\/3&#8243;][vc_single_image image=&#8220;1168&#8243; img_size=&#8220;full&#8220; css=&#8220;&#8220;][\/vc_column][vc_column width=&#8220;2\/3&#8243;][vc_column_text] Unterst\u00fctzung bei der Kinderbetreuung und Hilfe im Haushalt, weil Sie ins Krankenhaus m\u00fcssen. l\u00e4ngerfristig erkrankt sind. In diesen und \u00e4hnlichen Situationen kann Ihre \u00c4rztin oder Ihr Arzt eine Haushaltshilfe verordnen. Ihre Krankenkasse kann auf Antrag die Kosten \u00fcbernehmen. Dies ist m\u00f6glich, wenn die Haushaltsf\u00fchrung in Ihrer Familie in Ihren&hellip;<\/p>\n","protected":false},"author":3,"featured_media":0,"parent":0,"menu_order":0,"comment_status":"closed","ping_status":"closed","template":"","meta":{"footnotes":""},"class_list":["post-682","page","type-page","status-publish","hentry","description-off"],"jetpack_shortlink":"https:\/\/wp.me\/PaLjmo-b0","jetpack_sharing_enabled":true,"_links":{"self":[{"href":"https:\/\/www.bsbff.de\/index.php\/wp-json\/wp\/v2\/pages\/682","targetHints":{"allow":["GET"]}}],"collection":[{"href":"https:\/\/www.bsbff.de\/index.php\/wp-json\/wp\/v2\/pages"}],"about":[{"href":"https:\/\/www.bsbff.de\/index.php\/wp-json\/wp\/v2\/types\/page"}],"author":[{"embeddable":true,"href":"https:\/\/www.bsbff.de\/index.php\/wp-json\/wp\/v2\/users\/3"}],"replies":[{"embeddable":true,"href":"https:\/\/www.bsbff.de\/index.php\/wp-json\/wp\/v2\/comments?post=682"}],"version-history":[{"count":21,"href":"https:\/\/www.bsbff.de\/index.php\/wp-json\/wp\/v2\/pages\/682\/revisions"}],"predecessor-version":[{"id":1208,"href":"https:\/\/www.bsbff.de\/index.php\/wp-json\/wp\/v2\/pages\/682\/revisions\/1208"}],"wp:attachment":[{"href":"https:\/\/www.bsbff.de\/index.php\/wp-json\/wp\/v2\/media?parent=682"}],"curies":[{"name":"wp","href":"https:\/\/api.w.org\/{rel}","templated":true}]}}