{"id":675,"date":"2019-03-24T15:35:31","date_gmt":"2019-03-24T15:35:31","guid":{"rendered":"http:\/\/www2019.bsbff.de\/?page_id=675"},"modified":"2026-01-05T13:28:05","modified_gmt":"2026-01-05T13:28:05","slug":"paula-2","status":"publish","type":"page","link":"https:\/\/www.bsbff.de\/index.php\/paula-2\/","title":{"rendered":"Pa\u00b7U\u00b7L\u00b7A\u00b7"},"content":{"rendered":"<div class=\"wpb-content-wrapper\"><p>[vc_row][vc_column width=&#8220;1\/3&#8243;][vc_single_image image=&#8220;1167&#8243; img_size=&#8220;full&#8220; css=&#8220;&#8220;][\/vc_column][vc_column width=&#8220;2\/3&#8243;][vc_column_text]<\/p>\n<h3>Bei planbaren Engp\u00e4ssen in der Kinderbetreuung<\/h3>\n<ul>\n<li>Sie m\u00fcssen auf eine Dienstreise.<\/li>\n<li>Sie haben einen gesch\u00e4ftlichen Termin.<\/li>\n<li>Sie nehmen an einer ganzt\u00e4gigen Fortbildung teil.<\/li>\n<li>Sie haben einen wichtigen Termin (Klassenkonferenz, -Informationsveranstaltung, Elternsprechtag).<\/li>\n<\/ul>\n<p>[\/vc_column_text][\/vc_column][\/vc_row][vc_row][vc_column][vc_column_text css=&#8220;&#8220;]<\/p>\n<h3>Wie funktioniert Pa\u00b7U\u00b7L\u00b7A\u00b7?<\/h3>\n<p><strong>Sie rufen an &#8211; wir k\u00fcmmern uns!<\/strong><\/p>\n<p>Sie nennen die voraussichtliche Dauer und Art der Betreuung. Bei PaULA k\u00f6nnen Sie die Betreuungskraft schon vorab kennen lernen.<\/p>\n<p>Ganz ohne Formalit\u00e4ten geht es nicht: Sie schlie\u00dfen einen Betreuungsvertrag ab. Wir werden Besonderheiten abkl\u00e4ren, damit zu Hause nichts schief geht. Am Monatsende rechnen wir die Betreuungsstunden mit Ihnen ab. PaULA ist ein Angebot f\u00fcr Selbstzahlende.<\/p>\n<p><b>Betreuungszeiten: <\/b>07.00 Uhr &#8211; 19.00 Uhr<\/p>\n<p>Dar\u00fcber hinaus sind pers\u00f6nliche Absprachen m\u00f6glich.<\/p>\n<p><b>Wer betreut ihr Kind?\u00a0<\/b>Frauen mit Erfahrung im Umgang mit Kindern sowie Qualifizierungsma\u00dfnahmen \u00fcber das B\u00fcndnisb\u00fcro \u2013 hier geht es <a href=\"http:\/\/www.bsbff.de\/index.php\/team\/\">zum Team<\/a><\/p>\n<p>Wir betreuen Kinder bis zum Alter von 15 Jahren.<\/p>\n<p>&nbsp;<\/p>\n<hr \/>\n<p>&nbsp;<\/p>\n<p><a href=\"http:\/\/www.bsbff.de\/wp-content\/uploads\/Nutzungsbedingungen-KNUT_PAULA-2025-05.pdf\" target=\"_blank\" rel=\"noopener noreferrer\"><em>Download PDF Nutzungbedingungen,<\/em><\/a><\/p>\n<p><i><\/i><i><a href=\"http:\/\/www.bsbff.de\/wp-content\/uploads\/Vertrag_Knut_Paula_20251117.pdf\" target=\"_blank\" rel=\"noopener noreferrer\">Download PDF Kinderbetreuung P\u00b7a\u00b7U\u00b7L\u00b7A<\/a><\/i><\/p>\n<p>Weitere Information und Formulare finden Sie auf der <a href=\"http:\/\/www.bsbff.de\/index.php\/downloads\/\">Download-Seite<\/a>[\/vc_column_text][\/vc_column][\/vc_row]<\/p>\n<\/div>","protected":false},"excerpt":{"rendered":"<p>[vc_row][vc_column width=&#8220;1\/3&#8243;][vc_single_image image=&#8220;1167&#8243; img_size=&#8220;full&#8220; css=&#8220;&#8220;][\/vc_column][vc_column width=&#8220;2\/3&#8243;][vc_column_text] Bei planbaren Engp\u00e4ssen in der Kinderbetreuung Sie m\u00fcssen auf eine Dienstreise. Sie haben einen gesch\u00e4ftlichen Termin. Sie nehmen an einer ganzt\u00e4gigen Fortbildung teil. Sie haben einen wichtigen Termin (Klassenkonferenz, -Informationsveranstaltung, Elternsprechtag). [\/vc_column_text][\/vc_column][\/vc_row][vc_row][vc_column][vc_column_text css=&#8220;&#8220;] Wie funktioniert Pa\u00b7U\u00b7L\u00b7A\u00b7? Sie rufen an &#8211; wir k\u00fcmmern uns! Sie nennen die voraussichtliche Dauer und&hellip;<\/p>\n","protected":false},"author":3,"featured_media":0,"parent":0,"menu_order":0,"comment_status":"closed","ping_status":"closed","template":"","meta":{"footnotes":""},"class_list":["post-675","page","type-page","status-publish","hentry","description-off"],"jetpack_shortlink":"https:\/\/wp.me\/PaLjmo-aT","jetpack_sharing_enabled":true,"_links":{"self":[{"href":"https:\/\/www.bsbff.de\/index.php\/wp-json\/wp\/v2\/pages\/675","targetHints":{"allow":["GET"]}}],"collection":[{"href":"https:\/\/www.bsbff.de\/index.php\/wp-json\/wp\/v2\/pages"}],"about":[{"href":"https:\/\/www.bsbff.de\/index.php\/wp-json\/wp\/v2\/types\/page"}],"author":[{"embeddable":true,"href":"https:\/\/www.bsbff.de\/index.php\/wp-json\/wp\/v2\/users\/3"}],"replies":[{"embeddable":true,"href":"https:\/\/www.bsbff.de\/index.php\/wp-json\/wp\/v2\/comments?post=675"}],"version-history":[{"count":30,"href":"https:\/\/www.bsbff.de\/index.php\/wp-json\/wp\/v2\/pages\/675\/revisions"}],"predecessor-version":[{"id":1219,"href":"https:\/\/www.bsbff.de\/index.php\/wp-json\/wp\/v2\/pages\/675\/revisions\/1219"}],"wp:attachment":[{"href":"https:\/\/www.bsbff.de\/index.php\/wp-json\/wp\/v2\/media?parent=675"}],"curies":[{"name":"wp","href":"https:\/\/api.w.org\/{rel}","templated":true}]}}