{"id":602,"date":"2019-03-23T15:21:16","date_gmt":"2019-03-23T15:21:16","guid":{"rendered":"http:\/\/www2019.bsbff.de\/?page_id=602"},"modified":"2023-02-16T13:11:14","modified_gmt":"2023-02-16T13:11:14","slug":"impressum","status":"publish","type":"page","link":"https:\/\/www.bsbff.de\/index.php\/impressum\/","title":{"rendered":"Impressum"},"content":{"rendered":"<div class=\"wpb-content-wrapper\"><p>[vc_row][vc_column][vc_column_text]<strong>Ansprechpersonen und Sitz des B\u00fcndnisses<\/strong><\/p>\n<p>Lokales B\u00fcndnis f\u00fcr Familie e.V.<br \/>\nim Geb\u00e4ude der AOK<br \/>\n1. OG, Raum 120<br \/>\nAm Fallersleber Tore 3-4<br \/>\n38100 Braunschweig<br \/>\n0531 \/ 389 69 98<br \/>\nE-Mail: info (at) bsbff.de<\/p>\n<p><strong>Ansprechpersonen:<\/strong><br \/>\nB\u00fcndnisb\u00fcro: Marika Apelt, Eberhard Bolm<br \/>\n1. Vorsitzende: <span dir=\"ltr\" role=\"presentation\">Beate Hudalla<\/span><br \/>\n2. Vorsitzende: <span dir=\"ltr\" role=\"presentation\">Bettina Bautzmann<\/span><\/p>\n<p>Das B\u00fcro ist nicht durchgehend besetzt. Falls wir gerade einmal nicht telefonisch erreichbar sein sollten, nutzen Sie bitte die M\u00f6glichkeit und hinterlassen uns eine Nachricht auf dem Anrufbeantworter. Wir melden uns dann bei Ihnen! Gern nehmen wir Ihr Anliegen auch per E-Mail entgegen.[\/vc_column_text][\/vc_column][\/vc_row]<\/p>\n<\/div>","protected":false},"excerpt":{"rendered":"<p>[vc_row][vc_column][vc_column_text]Ansprechpersonen und Sitz des B\u00fcndnisses Lokales B\u00fcndnis f\u00fcr Familie e.V. im Geb\u00e4ude der AOK 1. OG, Raum 120 Am Fallersleber Tore 3-4 38100 Braunschweig 0531 \/ 389 69 98 E-Mail: info (at) bsbff.de Ansprechpersonen: B\u00fcndnisb\u00fcro: Marika Apelt, Eberhard Bolm 1. Vorsitzende: Beate Hudalla 2. Vorsitzende: Bettina Bautzmann Das B\u00fcro ist nicht durchgehend besetzt. Falls wir&hellip;<\/p>\n","protected":false},"author":3,"featured_media":0,"parent":0,"menu_order":0,"comment_status":"closed","ping_status":"closed","template":"","meta":{"footnotes":""},"class_list":["post-602","page","type-page","status-publish","hentry","description-off"],"jetpack_shortlink":"https:\/\/wp.me\/PaLjmo-9I","jetpack_sharing_enabled":true,"_links":{"self":[{"href":"https:\/\/www.bsbff.de\/index.php\/wp-json\/wp\/v2\/pages\/602","targetHints":{"allow":["GET"]}}],"collection":[{"href":"https:\/\/www.bsbff.de\/index.php\/wp-json\/wp\/v2\/pages"}],"about":[{"href":"https:\/\/www.bsbff.de\/index.php\/wp-json\/wp\/v2\/types\/page"}],"author":[{"embeddable":true,"href":"https:\/\/www.bsbff.de\/index.php\/wp-json\/wp\/v2\/users\/3"}],"replies":[{"embeddable":true,"href":"https:\/\/www.bsbff.de\/index.php\/wp-json\/wp\/v2\/comments?post=602"}],"version-history":[{"count":7,"href":"https:\/\/www.bsbff.de\/index.php\/wp-json\/wp\/v2\/pages\/602\/revisions"}],"predecessor-version":[{"id":1037,"href":"https:\/\/www.bsbff.de\/index.php\/wp-json\/wp\/v2\/pages\/602\/revisions\/1037"}],"wp:attachment":[{"href":"https:\/\/www.bsbff.de\/index.php\/wp-json\/wp\/v2\/media?parent=602"}],"curies":[{"name":"wp","href":"https:\/\/api.w.org\/{rel}","templated":true}]}}