{"id":592,"date":"2014-03-19T15:23:11","date_gmt":"2014-03-19T15:23:11","guid":{"rendered":"http:\/\/the7.dream-demo.com\/business\/?page_id=592"},"modified":"2025-01-16T15:53:05","modified_gmt":"2025-01-16T15:53:05","slug":"home","status":"publish","type":"page","link":"https:\/\/www.bsbff.de\/","title":{"rendered":"Home"},"content":{"rendered":"<div class=\"wpb-content-wrapper\"><p>[vc_row][vc_column][vc_column_text]<\/p>\n<h1>Engpass bei der Kinderbetreuung?<\/h1>\n<p>[\/vc_column_text][vc_column_text]<\/p>\n<h4>Das Braunschweiger B\u00fcndnis f\u00fcr Familie bietet seit 2007 ein Angebot zur flexiblen Kinderbetreuung, das das bestehende Angebot von Kindertagesst\u00e4tten und Tagesm\u00fcttern erg\u00e4nzt.<\/h4>\n<p>[\/vc_column_text][vc_column_text]<\/p>\n<h1 style=\"text-align: left;\"><span style=\"color: #f29400;\">Rufen Sie uns an: 0178 195 62 91<\/span><\/h1>\n<p>[\/vc_column_text][\/vc_column][\/vc_row][vc_row css=&#8220;.vc_custom_1553439351778{background-color: #dddddd !important;}&#8220;][vc_column width=&#8220;1\/3&#8243;][vc_single_image image=&#8220;655&#8243; img_size=&#8220;full&#8220; alignment=&#8220;center&#8220; onclick=&#8220;custom_link&#8220; link=&#8220;http:\/\/www.bsbff.de\/index.php\/knut-2\/&#8220;][vc_column_text]<\/p>\n<h2 style=\"text-align: center;\"><span style=\"color: #006ab3;\">K\u00b7N\u00b7U\u00b7T\u00b7<\/span><\/h2>\n<p>[\/vc_column_text][vc_column_text]<\/p>\n<p style=\"text-align: center;\">Kinder-Notfall-Unterst\u00fctzungs-Telefon<\/p>\n<p style=\"text-align: center;\"><b>Bei pl\u00f6tzlichen Engp\u00e4ssen in der<br \/>\nKinderbetreuung<\/b><\/p>\n<p>[\/vc_column_text][\/vc_column][vc_column width=&#8220;1\/3&#8243;][vc_single_image image=&#8220;1167&#8243; img_size=&#8220;full&#8220; alignment=&#8220;center&#8220; onclick=&#8220;custom_link&#8220; css=&#8220;&#8220; link=&#8220;http:\/\/www.bsbff.de\/index.php\/paula-2\/&#8220;][vc_column_text]<\/p>\n<h2 style=\"text-align: center;\"><span style=\"color: #803689;\">Pa\u00b7U\u00b7L\u00b7A\u00b7<\/span><\/h2>\n<p>[\/vc_column_text][vc_column_text]<\/p>\n<p style=\"text-align: center;\">Partner f\u00fcr Unterst\u00fctzungs-Leistungen auf Anfrage<\/p>\n<p style=\"text-align: center;\"><b>Bei planbarem, nicht dauerhaftem Betreuungsbedarf<\/b><\/p>\n<p>[\/vc_column_text][\/vc_column][vc_column width=&#8220;1\/3&#8243;][vc_single_image image=&#8220;1168&#8243; img_size=&#8220;full&#8220; alignment=&#8220;center&#8220; onclick=&#8220;custom_link&#8220; css=&#8220;&#8220; link=&#8220;http:\/\/www.bsbff.de\/index.php\/hanna-2\/&#8220;][vc_column_text]<\/p>\n<h2 style=\"text-align: center;\"><span style=\"color: #7eae39;\"><b>Ha\u00b7n\u00b7n\u00b7A\u00b7<\/b><\/span><\/h2>\n<p>[\/vc_column_text][vc_column_text]<\/p>\n<p style=\"text-align: center;\">Haushaltshilfen nach notwendiger Arztverordnung<\/p>\n<p style=\"text-align: center;\"><b>Unterst\u00fctzung im Haushalt und bei der Kinderbetreuung, wenn Ihr Arzt dies verordnet hat<\/b><\/p>\n<p>[\/vc_column_text][\/vc_column][\/vc_row][vc_row][vc_column][vc_empty_space height=&#8220;8px&#8220;][\/vc_column][\/vc_row]<\/p>\n<\/div>","protected":false},"excerpt":{"rendered":"<p>[vc_row][vc_column][vc_column_text] Engpass bei der Kinderbetreuung? [\/vc_column_text][vc_column_text] Das Braunschweiger B\u00fcndnis f\u00fcr Familie bietet seit 2007 ein Angebot zur flexiblen Kinderbetreuung, das das bestehende Angebot von Kindertagesst\u00e4tten und Tagesm\u00fcttern erg\u00e4nzt. [\/vc_column_text][vc_column_text] Rufen Sie uns an: 0178 195 62 91 [\/vc_column_text][\/vc_column][\/vc_row][vc_row css=&#8220;.vc_custom_1553439351778{background-color: #dddddd !important;}&#8220;][vc_column width=&#8220;1\/3&#8243;][vc_single_image image=&#8220;655&#8243; img_size=&#8220;full&#8220; alignment=&#8220;center&#8220; onclick=&#8220;custom_link&#8220; link=&#8220;http:\/\/www.bsbff.de\/index.php\/knut-2\/&#8220;][vc_column_text] K\u00b7N\u00b7U\u00b7T\u00b7 [\/vc_column_text][vc_column_text] Kinder-Notfall-Unterst\u00fctzungs-Telefon Bei pl\u00f6tzlichen Engp\u00e4ssen in der&hellip;<\/p>\n","protected":false},"author":3,"featured_media":0,"parent":0,"menu_order":1,"comment_status":"closed","ping_status":"closed","template":"template-microsite.php","meta":{"footnotes":""},"class_list":["post-592","page","type-page","status-publish","hentry","description-off"],"jetpack_shortlink":"https:\/\/wp.me\/PaLjmo-9y","jetpack_sharing_enabled":true,"_links":{"self":[{"href":"https:\/\/www.bsbff.de\/index.php\/wp-json\/wp\/v2\/pages\/592","targetHints":{"allow":["GET"]}}],"collection":[{"href":"https:\/\/www.bsbff.de\/index.php\/wp-json\/wp\/v2\/pages"}],"about":[{"href":"https:\/\/www.bsbff.de\/index.php\/wp-json\/wp\/v2\/types\/page"}],"author":[{"embeddable":true,"href":"https:\/\/www.bsbff.de\/index.php\/wp-json\/wp\/v2\/users\/3"}],"replies":[{"embeddable":true,"href":"https:\/\/www.bsbff.de\/index.php\/wp-json\/wp\/v2\/comments?post=592"}],"version-history":[{"count":56,"href":"https:\/\/www.bsbff.de\/index.php\/wp-json\/wp\/v2\/pages\/592\/revisions"}],"predecessor-version":[{"id":1170,"href":"https:\/\/www.bsbff.de\/index.php\/wp-json\/wp\/v2\/pages\/592\/revisions\/1170"}],"wp:attachment":[{"href":"https:\/\/www.bsbff.de\/index.php\/wp-json\/wp\/v2\/media?parent=592"}],"curies":[{"name":"wp","href":"https:\/\/api.w.org\/{rel}","templated":true}]}}