{"id":2,"date":"2019-02-27T12:51:26","date_gmt":"2019-02-27T12:51:26","guid":{"rendered":"http:\/\/www2019.bsbff.de\/?page_id=2"},"modified":"2026-01-05T13:27:00","modified_gmt":"2026-01-05T13:27:00","slug":"knut-2","status":"publish","type":"page","link":"https:\/\/www.bsbff.de\/index.php\/knut-2\/","title":{"rendered":"K\u00b7N\u00b7U\u00b7T\u00b7"},"content":{"rendered":"<div class=\"wpb-content-wrapper\"><p>[vc_row][vc_column width=&#8220;1\/3&#8243;][vc_single_image image=&#8220;655&#8243; img_size=&#8220;full&#8220;][\/vc_column][vc_column width=&#8220;2\/3&#8243;][vc_column_text]<\/p>\n<h3>Bei pl\u00f6tzlichen Engp\u00e4ssen in der\u00a0Kinderbetreuung<\/h3>\n<ul>\n<li>Ihr Kind ist pl\u00f6tzlich krank, und<span class=\"Apple-converted-space\">\u00a0<\/span>Sie m\u00fcssen dringend zur Arbeit.<\/li>\n<li>Die regul\u00e4re Kinderbetreuung f\u00e4llt<span class=\"Apple-converted-space\">\u00a0<\/span>pl\u00f6tzlich aus.<\/li>\n<li>Ein Projekt erfordert spontane Mehrarbeit.<\/li>\n<li>Ihr Zug hat Versp\u00e4tung oder Sie stehen im Stau.<\/li>\n<\/ul>\n<p>In diesen und \u00e4hnlichen Situationen hilft KNUT. Gegen Bezahlung erhalten Sie eine zuverl\u00e4ssige Kinderbetreuung. Unsere Betreuungskr\u00e4fte kommen zu Ihnen nach Hause, damit die Kinder in ihrer gewohnten Umgebung bleiben k\u00f6nnen.[\/vc_column_text][\/vc_column][\/vc_row][vc_row][vc_column][vc_column_text css=&#8220;&#8220;]<\/p>\n<h3>Wie funktioniert K\u00b7N\u00b7U\u00b7T\u00b7?<\/h3>\n<p>Sie nennen die voraussichtliche Dauer und Art der -Betreuung.\u00a0Bei KNUT<b> <\/b>kommt innerhalb kurzer Zeit die Betreuungskraft zu Ihnen.<\/p>\n<p>Ganz ohne Formalit\u00e4ten geht es nicht: Sie schlie\u00dfen einen Betreuungsvertrag ab. Wir werden Besonderheiten abkl\u00e4ren, damit zu Hause nichts schief geht. Am Monatsende rechnen wir die Betreuungsstunden mit Ihnen ab. KNUT ist ein Angebot f\u00fcr Selbstzahlende.<\/p>\n<p><b>Betreuungszeiten: <\/b>07.00 Uhr &#8211; 19.00 Uhr<\/p>\n<p>Dar\u00fcber hinaus sind pers\u00f6nliche Absprachen m\u00f6glich.<\/p>\n<p><b>Wer betreut ihr Kind?\u00a0<\/b>Frauen mit Erfahrung im Umgang mit Kindern sowie Qualifizierungsma\u00dfnahmen \u00fcber das B\u00fcndnisb\u00fcro \u2013 hier geht es <a href=\"http:\/\/www.bsbff.de\/index.php\/team\/\">zum Team<\/a><\/p>\n<p>Wir betreuen Kinder bis zum Alter von 15 Jahren.<\/p>\n<p>&nbsp;<\/p>\n<hr \/>\n<p>&nbsp;<\/p>\n<p><a href=\"http:\/\/www.bsbff.de\/wp-content\/uploads\/Nutzungsbedingungen-KNUT_PAULA-2025-05.pdf\" target=\"_blank\" rel=\"noopener noreferrer\"><em>Download PDF Nutzungbedingungen<\/em><\/a><\/p>\n<p><em><a href=\"http:\/\/www.bsbff.de\/wp-content\/uploads\/Vertrag_Knut_Paula_20251117.pdf\" target=\"_blank\" rel=\"noopener noreferrer\">Download PDF Kinderbetreuung K\u00b7N\u00b7U\u00b7T<\/a><\/em><\/p>\n<p>&nbsp;<\/p>\n<p>Weitere Information und Formulare finden Sie auf der <a href=\"http:\/\/www.bsbff.de\/index.php\/downloads\/\">Download-Seite<\/a>[\/vc_column_text][\/vc_column][\/vc_row]<\/p>\n<\/div>","protected":false},"excerpt":{"rendered":"<p>[vc_row][vc_column width=&#8220;1\/3&#8243;][vc_single_image image=&#8220;655&#8243; img_size=&#8220;full&#8220;][\/vc_column][vc_column width=&#8220;2\/3&#8243;][vc_column_text] Bei pl\u00f6tzlichen Engp\u00e4ssen in der\u00a0Kinderbetreuung Ihr Kind ist pl\u00f6tzlich krank, und\u00a0Sie m\u00fcssen dringend zur Arbeit. Die regul\u00e4re Kinderbetreuung f\u00e4llt\u00a0pl\u00f6tzlich aus. Ein Projekt erfordert spontane Mehrarbeit. Ihr Zug hat Versp\u00e4tung oder Sie stehen im Stau. In diesen und \u00e4hnlichen Situationen hilft KNUT. Gegen Bezahlung erhalten Sie eine zuverl\u00e4ssige Kinderbetreuung. Unsere Betreuungskr\u00e4fte&hellip;<\/p>\n","protected":false},"author":3,"featured_media":0,"parent":0,"menu_order":0,"comment_status":"closed","ping_status":"closed","template":"","meta":{"footnotes":""},"class_list":["post-2","page","type-page","status-publish","hentry","description-off"],"jetpack_shortlink":"https:\/\/wp.me\/PaLjmo-2","jetpack_sharing_enabled":true,"_links":{"self":[{"href":"https:\/\/www.bsbff.de\/index.php\/wp-json\/wp\/v2\/pages\/2","targetHints":{"allow":["GET"]}}],"collection":[{"href":"https:\/\/www.bsbff.de\/index.php\/wp-json\/wp\/v2\/pages"}],"about":[{"href":"https:\/\/www.bsbff.de\/index.php\/wp-json\/wp\/v2\/types\/page"}],"author":[{"embeddable":true,"href":"https:\/\/www.bsbff.de\/index.php\/wp-json\/wp\/v2\/users\/3"}],"replies":[{"embeddable":true,"href":"https:\/\/www.bsbff.de\/index.php\/wp-json\/wp\/v2\/comments?post=2"}],"version-history":[{"count":36,"href":"https:\/\/www.bsbff.de\/index.php\/wp-json\/wp\/v2\/pages\/2\/revisions"}],"predecessor-version":[{"id":1218,"href":"https:\/\/www.bsbff.de\/index.php\/wp-json\/wp\/v2\/pages\/2\/revisions\/1218"}],"wp:attachment":[{"href":"https:\/\/www.bsbff.de\/index.php\/wp-json\/wp\/v2\/media?parent=2"}],"curies":[{"name":"wp","href":"https:\/\/api.w.org\/{rel}","templated":true}]}}